{"id":307,"date":"2024-05-07T12:28:21","date_gmt":"2024-05-07T12:28:21","guid":{"rendered":"https:\/\/vitamun.eu\/privatuma-politika\/"},"modified":"2025-04-22T13:11:27","modified_gmt":"2025-04-22T13:11:27","slug":"privatuma-politika","status":"publish","type":"page","link":"https:\/\/vitamun.eu\/lv\/privatuma-politika\/","title":{"rendered":"Priv\u0101tuma politika"},"content":{"rendered":"<section id=\"content-block_8785c3cabab9cf3b645c2fe351c2fc14\" class=\"block content single-post\" data-animate=\"fade-up\" data-animate-offset=\"0\" data-animate-speed=\"1\" data-animate-x=\"100\">\n    <div class=\"container\" data-animate-y=\"100\">\n        <div class=\"content\">\n            <p>SIA \u201cJONNEX-FARMA\u201d<\/p>\n<p><strong>1. Visp\u0101r\u012bgie noteikumi<\/strong><br \/>\n1.1 Priv\u0101tuma politika ir izstr\u0101d\u0101ta, lai sniegtu SIA &#8216;JONNEX-FARMA datu subjektiem skaidru un p\u0101rskat\u0101mu inform\u0101ciju par m\u0113r\u0137i, k\u0101dam m\u0113s ieg\u016bstam un apstr\u0101d\u0101jam j\u016bsu personas datus, apstr\u0101des principiem, kurus m\u0113s iev\u0113rojam, un j\u016bsu ties\u012bb\u0101m attiec\u012bb\u0101 uz j\u016bsu personas datu aizsardz\u012bbu. M\u0113s ticam, ka p\u0101rredzam\u012bba ir galvenais elements uztic\u012bbas veido\u0161an\u0101 un j\u016bsu dro\u0161\u012bbas nodro\u0161in\u0101\u0161an\u0101.<br \/>\n1.2. Personas datu apstr\u0101de tiek veikta saska\u0146\u0101 ar sp\u0113k\u0101 eso\u0161ajiem Latvijas Republikas normat\u012bvajiem aktiem, k\u0101 ar\u012b saska\u0146\u0101 ar EIROPAS PARLAMENTA UN PADOMES REGULU (ES) 2016\/679 (2016. gada 27. apr\u012blis) par fizisko personu aizsardz\u012bbu attiec\u012bb\u0101 uz personas datu apstr\u0101di un par direkt\u012bvu\/Datu\/EK un \u0161\u0101du datu br\u012bvu apriti. Aizsardz\u012bbas regula), turpm\u0101k &#8211; Regula.  <\/p>\n<p><strong>2. Kontrolieris un kontaktinform\u0101cija<\/strong><br \/>\n2.1. Personas datu apstr\u0101des p\u0101rzinis ir SIA &#8220;JONNEX-FARMA&#8221;, vienotais re\u0123istr\u0101cijas Nr.40003607468, juridisk\u0101 adrese: Stabu iela 47\/2, R\u012bga, LV-1011, e-pasts: info@jonnex.eu.<br \/>\n2.2. Ja rodas jaut\u0101jumi vai neskaidr\u012bbas saist\u012bb\u0101 ar \u0161o Priv\u0101tuma politiku vai personas datu apstr\u0101di, l\u016bdzu, rakstiet uz e-pastu: dpo@repharm.lv.  <\/p>\n<p><strong>3. Personas datu apjoms<\/strong><br \/>\n3.1. SIA &#8220;JONNEX-FARMA&#8221; apstr\u0101d\u0101to personas datu kategorijas: (i) sadarb\u012bbas partneru p\u0101rst\u0101vju korporat\u012bv\u0101 inform\u0101cija &#8211; v\u0101rds, uzv\u0101rds, amats, uz\u0146\u0113mums, kontaktinform\u0101cija, inform\u0101cija par sadarb\u012bbas partnera uz\u0146\u0113mumu un t\u0101 produktiem; (ii) dati, kas nor\u0101d\u012bti vietnes sada\u013c\u0101 &#8220;Sazinieties ar mums&#8221; &#8211; v\u0101rds, e-pasts un zi\u0146ojums. T\u0101l\u0101k atbilde uz zi\u0146ojumu un papildu dati, ja nor\u0101d\u012bts t\u0101l\u0101kaj\u0101 sarakst\u0113.    <\/p>\n<p><strong>4. Personas datu apstr\u0101des tiesiskais pamats<\/strong><br \/>\n4.1. Datu subjektu personas dati tiek apstr\u0101d\u0101ti: (i) SIA &#8220;JONNEX-FARMA&#8221; vai tre\u0161o personu likum\u012bg\u0101s interes\u0113s; ii) pamatojoties uz datu subjekta piekri\u0161anu; (iii) citu Visp\u0101r\u0113j\u0101s datu aizsardz\u012bbas regulas 6. panta pirmaj\u0101 da\u013c\u0101 min\u0113to juridisko pamatojumu d\u0113\u013c.<br \/>\n4.2.SIA &#8220;JONNEX-FARMA&#8221; le\u0123it\u012bm\u0101s intereses ir: (i) veikt komercdarb\u012bbu; (ii) glab\u0101t datu subjektu pieteikumus, iesniegumus, e-pastus un citu fiks\u0113tu inform\u0101ciju, lai p\u0101rskat\u012btu un sniegtu atbildes; (iii) aizst\u0101v\u0113t likum\u012bg\u0101s intereses ties\u0101, cit\u0101s valsts instit\u016bcij\u0101s, k\u0101 ar\u012b sa\u0146emot juridisko pal\u012bdz\u012bbu.       <\/p>\n<p><strong>5. Personas datu apstr\u0101de, aizsardz\u012bba un uzglab\u0101\u0161ana<\/strong><br \/>\n5.1. Personas datu apstr\u0101de tiek veikta tikai s\u0101kotn\u0113ji paredz\u0113tajiem m\u0113r\u0137iem un s\u0101kotn\u0113ji noteiktaj\u0101 apjom\u0101.<br \/>\n5.2. Datu subjektu personas datu apstr\u0101de notiek, izmantojot m\u016bsdienu tehnolo\u0123iju iesp\u0113jas, \u0146emot v\u0113r\u0101 eso\u0161os priv\u0101tuma riskus un sapr\u0101t\u012bgi pieejamos organizatoriskos, finan\u0161u un tehniskos resursus. Visu \u0161o pas\u0101kumu ietvaros tiek nodro\u0161in\u0101ts atbilsto\u0161s inform\u0101cijas aizsardz\u012bbas l\u012bmenis, nepie\u013caujot nesankcion\u0113tu piek\u013cuvi datu subjekta personas datiem.<br \/>\n5.3. Personas dati tiek glab\u0101ti tikai tik ilgi, cik nepiecie\u0161ams, lai sasniegtu \u0161aj\u0101 priv\u0101tuma politik\u0101 noteiktos m\u0113r\u0137us, ja vien piem\u0113rojamie likumi un noteikumi nenosaka vai neat\u013cauj ilg\u0101ku glab\u0101\u0161anu. Lai noteiktu datu uzglab\u0101\u0161anas periodu, tiek izmantoti \u0161\u0101di krit\u0113riji:<br \/>\n5.3.1. kam\u0113r past\u0101v datu apstr\u0101des tiesiskais pamats;<br \/>\n5.3.2. kam\u0113r SIA &#8220;JONNEX-FARMA&#8221; vai datu subjekts var realiz\u0113t savas le\u0123it\u012bm\u0101s intereses (piem\u0113ram, pretenziju izskat\u012b\u0161ana, ties\u012bbu aizsardz\u012bba, jaut\u0101jumu risin\u0101\u0161ana u.c.);<br \/>\n5.3.3. normat\u012bvo aktu pras\u012bbas nosaka personas datu glab\u0101\u0161anas laiku, piem\u0113ram: (i) \u012bstenot gr\u0101matved\u012bbas uzskaiti regul\u0113jo\u0161ajos normat\u012bvajos aktos noteiktos uzglab\u0101\u0161anas termi\u0146us, attiec\u012bgi 5 l\u012bdz 10 gadus; (ii) \u012bstenot savu izpild\u012bto saist\u012bbu aizsardz\u012bbu un pier\u0101d\u012bjumu saglab\u0101\u0161anu ar pras\u012bbas noilguma termi\u0146iem &#8211; 10 gadi Civillikum\u0101; 3 gadi Komerclikum\u0101; 5 gadi Fizisko personu datu apstr\u0101des likum\u0101 un citi termi\u0146i, papildus \u0146emot v\u0113r\u0101 Civilprocesa likum\u0101 noteiktos pras\u012bbu cel\u0161anas termi\u0146us.<br \/>\n5.4. Personas datu apstr\u0101d\u0113 netiek veikta datu subjektu profil\u0113\u0161ana vai automatiz\u0113ta l\u0113mumu pie\u0146em\u0161ana, kas datu subjektam rad\u012btu tiesiskas vai citas sekas.           <\/p>\n<p><strong>6. Personas datu sa\u0146\u0113m\u0113ji<\/strong><br \/>\n6.1. Datu subjektu personas dati netiek izpausti tre\u0161aj\u0101m person\u0101m bez tiesiska pamata, iz\u0146emot:<br \/>\n6.1.1. ar likumu dele\u0123\u0113taj\u0101m valsts p\u0101rvaldes iest\u0101d\u0113m, piem\u0113ram, Valsts soci\u0101l\u0101s apdro\u0161in\u0101\u0161anas a\u0123ent\u016brai, Valsts ie\u0146\u0113mumu dienestam, Valsts policijai u.c.;<br \/>\n6.1.2. SIA &#8220;JONNEX-FARMA&#8221; tiesisko intere\u0161u aizsardz\u012bbai normat\u012bvajos aktos noteiktajos gad\u012bjumos;<br \/>\n6.1.3. ja datu nodo\u0161ana nepiecie\u0161ama SIA &#8220;JONNEX-FARMA&#8221; vai tre\u0161o personu likum\u012bgo intere\u0161u nodro\u0161in\u0101\u0161anai.<br \/>\n6.2. Datu subjektu personas dati netiek nos\u016bt\u012bti vai apstr\u0101d\u0101ti \u0101rpus ES vai EEZ.     <\/p>\n<p><strong>7. Datu subjektu ties\u012bbas un pien\u0101kumi<\/strong><br \/>\n7.1. Datu subjektam ir ties\u012bbas sa\u0146emt normat\u012bvajos aktos noteikto inform\u0101ciju saist\u012bb\u0101 ar savu datu apstr\u0101di, piepras\u012bt datu labo\u0161anu vai iebilst pret personas datu apstr\u0101di.<br \/>\n7.2. Piepras\u012bjumu savu ties\u012bbu \u012bsteno\u0161anai datu subjekts var iesniegt rakstveid\u0101 kl\u0101tien\u0113, uzr\u0101dot personu apliecino\u0161u dokumentu, vai elektronisk\u0101 past\u0101, parakstoties ar dro\u0161u elektronisko parakstu.<br \/>\n7.3. Apstr\u0101d\u0101jot datu subjekta l\u016bgumu \u012bstenot savas ties\u012bbas, SIA &#8220;JONNEX-FARMA&#8221; noskaidro datu subjekta identit\u0101ti, izv\u0113rt\u0113 piepras\u012bjumu un izpilda to atbilsto\u0161i normat\u012bvajiem aktiem.<br \/>\n7.4. SIA &#8220;JONNEX-FARMA&#8221; nodro\u0161ina datu apstr\u0101des un aizsardz\u012bbas pras\u012bbu iev\u0113ro\u0161anu ar normat\u012bvo aktu starpniec\u012bbu. Datu subjekta pretenziju gad\u012bjum\u0101 SIA &#8220;JONNEX-FARMA&#8221; veiks visas nepiecie\u0161am\u0101s darb\u012bbas, lai pretenziju atrisin\u0101tu. Tom\u0113r, ja tas neizdodas, datu subjektam ir ties\u012bbas v\u0113rsties uzraudz\u012bbas iest\u0101d\u0113 \u2013 Datu valsts inspekcij\u0101.      <\/p>\n<p><strong>8. Nobeiguma noteikumi<\/strong><br \/>\n8.1. Datu subjektu pieteikumi un inform\u0101cijas piepras\u012bjumi tiek apstr\u0101d\u0101ti bez maksas. Ta\u010du, ja pieteikums ir ac\u012bmredzami nepamatots vai p\u0101rm\u0113r\u012bgs vai citos normat\u012bvajos aktos paredz\u0113tajos gad\u012bjumos, izskat\u012b\u0161anu var atteikt vai piem\u0113rot sam\u0113r\u012bgu maksu.<br \/>\n8.2. Datu subjekta pien\u0101kums ir iepaz\u012bties ar \u0161o Priv\u0101tuma politiku, k\u0101 ar\u012b iepaz\u012bstin\u0101t ar to ikvienu personu, kas ir saist\u012bta ar \u0161o datu subjektu un kuras intereses t\u0101d\u0113j\u0101di var ietekm\u0113t \u0161\u012bs personas datu apstr\u0101des procesi.<br \/>\n8.3.    Priv\u0101tuma politika ir br\u012bvi pieejama SIA &#8220;JONNEX-FARMA&#8221; m\u0101jaslap\u0101 www.<span style=\"font-weight: 400\">elitevit.eu<\/span>.<\/p>\n<p>&nbsp;<\/p>\n<p style=\"text-align: right\"><em>1. versija, st\u0101jas sp\u0113k\u0101 2024. gada 10. maij\u0101<\/em><\/p>\n        <\/div>\n    <\/div>\n<\/section>\n","protected":false},"excerpt":{"rendered":"","protected":false},"author":1,"featured_media":0,"parent":0,"menu_order":0,"comment_status":"closed","ping_status":"open","template":"","meta":{"_acf_changed":false,"footnotes":""},"class_list":["post-307","page","type-page","status-publish","hentry"],"acf":[],"yoast_head":"<!-- This site is optimized with the Yoast SEO plugin v27.5 - https:\/\/yoast.com\/product\/yoast-seo-wordpress\/ -->\n<title>Priv\u0101tuma politika - Vitam\u00fcn<\/title>\n<meta name=\"robots\" content=\"noindex, follow, max-snippet:-1, max-image-preview:large, max-video-preview:-1\" \/>\n<meta property=\"og:locale\" content=\"lv_LV\" \/>\n<meta property=\"og:type\" content=\"article\" \/>\n<meta property=\"og:title\" content=\"Priv\u0101tuma politika - Vitam\u00fcn\" \/>\n<meta property=\"og:url\" content=\"https:\/\/vitamun.eu\/lv\/privatuma-politika\/\" \/>\n<meta property=\"og:site_name\" content=\"Vitam\u00fcn\" \/>\n<meta property=\"article:modified_time\" content=\"2025-04-22T13:11:27+00:00\" \/>\n<meta name=\"twitter:card\" content=\"summary_large_image\" \/>\n<script type=\"application\/ld+json\" class=\"yoast-schema-graph\">{\"@context\":\"https:\\\/\\\/schema.org\",\"@graph\":[{\"@type\":\"WebPage\",\"@id\":\"https:\\\/\\\/vitamun.eu\\\/lv\\\/privatuma-politika\\\/\",\"url\":\"https:\\\/\\\/vitamun.eu\\\/lv\\\/privatuma-politika\\\/\",\"name\":\"Priv\u0101tuma politika - Vitam\u00fcn\",\"isPartOf\":{\"@id\":\"https:\\\/\\\/vitamun.eu\\\/lv\\\/#website\"},\"datePublished\":\"2024-05-07T12:28:21+00:00\",\"dateModified\":\"2025-04-22T13:11:27+00:00\",\"breadcrumb\":{\"@id\":\"https:\\\/\\\/vitamun.eu\\\/lv\\\/privatuma-politika\\\/#breadcrumb\"},\"inLanguage\":\"lv-LV\",\"potentialAction\":[{\"@type\":\"ReadAction\",\"target\":[\"https:\\\/\\\/vitamun.eu\\\/lv\\\/privatuma-politika\\\/\"]}]},{\"@type\":\"BreadcrumbList\",\"@id\":\"https:\\\/\\\/vitamun.eu\\\/lv\\\/privatuma-politika\\\/#breadcrumb\",\"itemListElement\":[{\"@type\":\"ListItem\",\"position\":1,\"name\":\"Home\",\"item\":\"https:\\\/\\\/vitamun.eu\\\/lv\\\/\"},{\"@type\":\"ListItem\",\"position\":2,\"name\":\"Priv\u0101tuma politika\"}]},{\"@type\":\"WebSite\",\"@id\":\"https:\\\/\\\/vitamun.eu\\\/lv\\\/#website\",\"url\":\"https:\\\/\\\/vitamun.eu\\\/lv\\\/\",\"name\":\"Vitam\u00fcn\",\"description\":\"\u2013 Elevate Your Vitality.\",\"potentialAction\":[{\"@type\":\"SearchAction\",\"target\":{\"@type\":\"EntryPoint\",\"urlTemplate\":\"https:\\\/\\\/vitamun.eu\\\/lv\\\/?s={search_term_string}\"},\"query-input\":{\"@type\":\"PropertyValueSpecification\",\"valueRequired\":true,\"valueName\":\"search_term_string\"}}],\"inLanguage\":\"lv-LV\"}]}<\/script>\n<!-- \/ Yoast SEO plugin. -->","yoast_head_json":{"title":"Priv\u0101tuma politika - Vitam\u00fcn","robots":{"index":"noindex","follow":"follow","max-snippet":"max-snippet:-1","max-image-preview":"max-image-preview:large","max-video-preview":"max-video-preview:-1"},"og_locale":"lv_LV","og_type":"article","og_title":"Priv\u0101tuma politika - Vitam\u00fcn","og_url":"https:\/\/vitamun.eu\/lv\/privatuma-politika\/","og_site_name":"Vitam\u00fcn","article_modified_time":"2025-04-22T13:11:27+00:00","twitter_card":"summary_large_image","schema":{"@context":"https:\/\/schema.org","@graph":[{"@type":"WebPage","@id":"https:\/\/vitamun.eu\/lv\/privatuma-politika\/","url":"https:\/\/vitamun.eu\/lv\/privatuma-politika\/","name":"Priv\u0101tuma politika - Vitam\u00fcn","isPartOf":{"@id":"https:\/\/vitamun.eu\/lv\/#website"},"datePublished":"2024-05-07T12:28:21+00:00","dateModified":"2025-04-22T13:11:27+00:00","breadcrumb":{"@id":"https:\/\/vitamun.eu\/lv\/privatuma-politika\/#breadcrumb"},"inLanguage":"lv-LV","potentialAction":[{"@type":"ReadAction","target":["https:\/\/vitamun.eu\/lv\/privatuma-politika\/"]}]},{"@type":"BreadcrumbList","@id":"https:\/\/vitamun.eu\/lv\/privatuma-politika\/#breadcrumb","itemListElement":[{"@type":"ListItem","position":1,"name":"Home","item":"https:\/\/vitamun.eu\/lv\/"},{"@type":"ListItem","position":2,"name":"Priv\u0101tuma politika"}]},{"@type":"WebSite","@id":"https:\/\/vitamun.eu\/lv\/#website","url":"https:\/\/vitamun.eu\/lv\/","name":"Vitam\u00fcn","description":"\u2013 Elevate Your Vitality.","potentialAction":[{"@type":"SearchAction","target":{"@type":"EntryPoint","urlTemplate":"https:\/\/vitamun.eu\/lv\/?s={search_term_string}"},"query-input":{"@type":"PropertyValueSpecification","valueRequired":true,"valueName":"search_term_string"}}],"inLanguage":"lv-LV"}]}},"_links":{"self":[{"href":"https:\/\/vitamun.eu\/lv\/wp-json\/wp\/v2\/pages\/307","targetHints":{"allow":["GET"]}}],"collection":[{"href":"https:\/\/vitamun.eu\/lv\/wp-json\/wp\/v2\/pages"}],"about":[{"href":"https:\/\/vitamun.eu\/lv\/wp-json\/wp\/v2\/types\/page"}],"author":[{"embeddable":true,"href":"https:\/\/vitamun.eu\/lv\/wp-json\/wp\/v2\/users\/1"}],"replies":[{"embeddable":true,"href":"https:\/\/vitamun.eu\/lv\/wp-json\/wp\/v2\/comments?post=307"}],"version-history":[{"count":3,"href":"https:\/\/vitamun.eu\/lv\/wp-json\/wp\/v2\/pages\/307\/revisions"}],"predecessor-version":[{"id":538,"href":"https:\/\/vitamun.eu\/lv\/wp-json\/wp\/v2\/pages\/307\/revisions\/538"}],"wp:attachment":[{"href":"https:\/\/vitamun.eu\/lv\/wp-json\/wp\/v2\/media?parent=307"}],"curies":[{"name":"wp","href":"https:\/\/api.w.org\/{rel}","templated":true}]}}