{"id":299,"date":"2024-11-21T10:34:18","date_gmt":"2024-11-21T10:34:18","guid":{"rendered":"https:\/\/vitamun.eu\/sazinies-ar-mums\/"},"modified":"2025-04-24T08:53:09","modified_gmt":"2025-04-24T08:53:09","slug":"sazinies-ar-mums","status":"publish","type":"page","link":"https:\/\/vitamun.eu\/lv\/sazinies-ar-mums\/","title":{"rendered":"Kontakti"},"content":{"rendered":"<section id=\"page-header-block_ef7a14fc93f30ab39227b534259c7a52\" class=\"block page-header\" data-page-header-block >\n\n                <div class=\"image-wrapper\">\n            <img decoding=\"async\" src=\"https:\/\/vitamun.eu\/wp-content\/uploads\/2025\/03\/Vitamun-web-banner-7.jpg\" alt=\"\">\n        <\/div>\n        <div class=\"container\">\n        <div class=\"row align-items-end text-start alt-side-left white-text\">\n            <div class=\"col-12 col-md-6\">\n                                    <h1>Kontakti<\/h1>\n                                                    <p>Nepiecie\u0161ams sazin\u0101ties ar Jonnex-Farma komandu? Zem\u0101k atrad\u012bsi inform\u0101ciju par m\u016bsu galveno m\u012btni Eirop\u0101, Latvij\u0101, un tie\u0161o kontaktinform\u0101ciju.<\/p>\n                            <\/div>\n            <div class=\"col-12 col-md-6\">\n                                            <\/div>\n        <\/div>\n    <\/div>\n\n<\/section>\n\n<section id=\"form-block_9de4b6e3e7ca6ca70efff3082d8767e4\" class=\"block form\" data-animate>\n\n    <div class=\"container\">\n        <div class=\"row justify-content-between\" data-animate-in>\n            <div class=\"col-12 col-md-6 col-content\">\n                \n                    <div class=\"contact-list\">\n                    <div class=\"contact-item\">\n                                    <div class=\"contact-icon\">\n                                                    <svg xmlns=\"http:\/\/www.w3.org\/2000\/svg\" width=\"28\" height=\"22\" viewBox=\"0 0 28 22\" fill=\"none\"><path fill=\"#25384A\" d=\"M27.313 3v16c0 1.438-1.188 2.688-2.625 2.688H3.313C1.875 21.688.688 20.438.688 19V3C.688 1.563 1.875.313 3.313.313h21.375c1.437 0 2.625 1.25 2.625 2.687m-2.625 0H3.313L14 9.625zm0 16V5.688L14 12.313 3.313 5.687V19z\"\/><\/svg>\n                                                                                            <\/div>\n                                                    <a href=\"hello@jonnex.eu\" target=\"\">\n                        hello@jonnex.eu                    <\/a>\n                            <\/div>\n                    <div class=\"contact-item\">\n                                    <div class=\"contact-icon\">\n                                                                            <svg xmlns=\"http:\/\/www.w3.org\/2000\/svg\" width=\"18\" height=\"30\" viewBox=\"0 0 18 30\" fill=\"none\"><path fill=\"#25384A\" d=\"M14.688.313C16.5.313 18 1.813 18 3.688v22.625c0 1.875-1.5 3.375-3.312 3.375H4c-1.812 0-3.312-1.5-3.312-3.375V3.688C.688 1.812 2.188.313 4 .313zm-5.376 28c1.126 0 2-.875 2-2 0-1.063-.874-2-2-2-1.062 0-2 .937-2 2 0 1.125.938 2 2 2m6-5.313V4.313h-12V23z\"\/><\/svg>\n                                                                    <\/div>\n                                                    <a href=\"tel:+371 67399397\" target=\"\">\n                        +371 67399397                    <\/a>\n                            <\/div>\n                    <div class=\"contact-item\">\n                                    <div class=\"contact-icon\">\n                                                                                                    <svg xmlns=\"http:\/\/www.w3.org\/2000\/svg\" width=\"20\" height=\"28\" viewBox=\"0 0 20 28\" fill=\"none\"><path fill=\"#25384A\" d=\"M10 .688A9.256 9.256 0 0 1 19.313 10c0 7-9.313 17.313-9.313 17.313S.688 17 .688 10A9.256 9.256 0 0 1 10 .688M3.313 10c0 3.813 3.937 9.625 6.687 13.188 2.813-3.625 6.688-9.375 6.688-13.188 0-3.687-3-6.687-6.688-6.687s-6.687 3-6.687 6.687m3.375 0c0 1.813 1.5 3.313 3.312 3.313 1.813 0 3.313-1.5 3.313-3.313 0-1.812-1.5-3.312-3.313-3.312-1.812 0-3.312 1.5-3.312 3.312\"\/><\/svg>\n                                            <\/div>\n                                                    <p>M\u016bkusalas iela. 41B R\u012bga, LV-1004, Latvija<\/p>\n                            <\/div>\n            <\/div>\n\n            <\/div>\n            <div class=\"col-12 col-md-5 col-form\">\n\n                                    <div class=\"contact-form-wrap\">\n                        <script type=\"text\/javascript\">var gform;gform||(document.addEventListener(\"gform_main_scripts_loaded\",function(){gform.scriptsLoaded=!0}),window.addEventListener(\"DOMContentLoaded\",function(){gform.domLoaded=!0}),gform={domLoaded:!1,scriptsLoaded:!1,initializeOnLoaded:function(o){gform.domLoaded&&gform.scriptsLoaded?o():!gform.domLoaded&&gform.scriptsLoaded?window.addEventListener(\"DOMContentLoaded\",o):document.addEventListener(\"gform_main_scripts_loaded\",o)},hooks:{action:{},filter:{}},addAction:function(o,n,r,t){gform.addHook(\"action\",o,n,r,t)},addFilter:function(o,n,r,t){gform.addHook(\"filter\",o,n,r,t)},doAction:function(o){gform.doHook(\"action\",o,arguments)},applyFilters:function(o){return gform.doHook(\"filter\",o,arguments)},removeAction:function(o,n){gform.removeHook(\"action\",o,n)},removeFilter:function(o,n,r){gform.removeHook(\"filter\",o,n,r)},addHook:function(o,n,r,t,i){null==gform.hooks[o][n]&&(gform.hooks[o][n]=[]);var e=gform.hooks[o][n];null==i&&(i=n+\"_\"+e.length),gform.hooks[o][n].push({tag:i,callable:r,priority:t=null==t?10:t})},doHook:function(n,o,r){var t;if(r=Array.prototype.slice.call(r,1),null!=gform.hooks[n][o]&&((o=gform.hooks[n][o]).sort(function(o,n){return o.priority-n.priority}),o.forEach(function(o){\"function\"!=typeof(t=o.callable)&&(t=window[t]),\"action\"==n?t.apply(null,r):r[0]=t.apply(null,r)})),\"filter\"==n)return r[0]},removeHook:function(o,n,t,i){var r;null!=gform.hooks[o][n]&&(r=(r=gform.hooks[o][n]).filter(function(o,n,r){return!!(null!=i&&i!=o.tag||null!=t&&t!=o.priority)}),gform.hooks[o][n]=r)}});<\/script>\n                <div class='gf_browser_gecko gform_wrapper gravity-theme gform-theme--no-framework' data-form-theme='gravity-theme' data-form-index='0' id='gform_wrapper_2' ><div id='gf_2' class='gform_anchor' tabindex='-1'><\/div>\n                        <div class='gform_heading'>\n\t\t\t\t\t\t\t<p class='gform_required_legend'>&quot;<span class=\"gfield_required gfield_required_asterisk\">*<\/span>&quot; indicates required fields<\/p>\n                        <\/div><form method='post' enctype='multipart\/form-data' target='gform_ajax_frame_2' id='gform_2'  action='\/lv\/wp-json\/wp\/v2\/pages\/299#gf_2' data-formid='2' novalidate>\n                        <div class='gform-body gform_body'><div id='gform_fields_2' class='gform_fields top_label form_sublabel_below description_below'><div id=\"field_2_1\"  class=\"gfield gfield--type-text field_sublabel_below gfield--no-description field_description_below gfield_visibility_visible\"  data-js-reload=\"field_2_1\"><label class='gfield_label gform-field-label' for='input_2_1' >J\u016bsu v\u0101rds<\/label><div class='ginput_container ginput_container_text'><input name='input_1' id='input_2_1' type='text' value='' class='large'   tabindex='1' placeholder='Ievadiet savu v\u0101rdu'  aria-invalid=\"false\"   \/> <\/div><\/div><div id=\"field_2_6\"  class=\"gfield gfield--type-email gfield--width-full gfield_contains_required field_sublabel_below gfield--no-description field_description_below gfield_visibility_visible\"  data-js-reload=\"field_2_6\"><label class='gfield_label gform-field-label' for='input_2_6' >J\u016bsu epasts<span class=\"gfield_required\"><span class=\"gfield_required gfield_required_asterisk\">*<\/span><\/span><\/label><div class='ginput_container ginput_container_email'>\n                            <input name='input_6' id='input_2_6' type='email' value='' class='large' tabindex='1'  placeholder='sample@email.com' aria-required=\"true\" aria-invalid=\"false\"  \/>\n                        <\/div><\/div><div id=\"field_2_4\"  class=\"gfield gfield--type-textarea gfield_contains_required field_sublabel_below gfield--no-description field_description_below gfield_visibility_visible\"  data-js-reload=\"field_2_4\"><label class='gfield_label gform-field-label' for='input_2_4' >Zi\u0146a<span class=\"gfield_required\"><span class=\"gfield_required gfield_required_asterisk\">*<\/span><\/span><\/label><div class='ginput_container ginput_container_textarea'><textarea name='input_4' id='input_2_4' class='textarea medium' tabindex='1'  maxlength='500' placeholder='Rakstiet savu zi\u0146u \u0161eit' aria-required=\"true\" aria-invalid=\"false\"   rows='10' cols='50'><\/textarea><\/div><\/div><fieldset id=\"field_2_5\"  class=\"gfield gfield--type-consent gfield--type-choice gfield_contains_required field_sublabel_below gfield--no-description field_description_below gfield_visibility_visible\"  data-js-reload=\"field_2_5\"><legend class='gfield_label gform-field-label gfield_label_before_complex'  >Piekri\u0161ana<span class=\"gfield_required\"><span class=\"gfield_required gfield_required_asterisk\">*<\/span><\/span><\/legend><div class='ginput_container ginput_container_consent'><input name='input_5.1' id='input_2_5_1' type='checkbox' value='1' tabindex='1'  aria-required=\"true\" aria-invalid=\"false\"   \/> <label class=\"gform-field-label gform-field-label--type-inline gfield_consent_label\" for='input_2_5_1' >Es piekr\u012btu <a href=\"\/lv\/privacy-policy\/\" target=\"_blank\"> Priv\u0101tuma politikai<\/a>.<\/label><input type='hidden' name='input_5.2' value='Es piekr\u012btu &lt;a href=&quot;\/lv\/privacy-policy\/&quot; target=&quot;_blank&quot;&gt; Priv\u0101tuma politikai&lt;\/a&gt;.' class='gform_hidden' \/><input type='hidden' name='input_5.3' value='2' class='gform_hidden' \/><\/div><\/fieldset><\/div><\/div>\n        <div class='gform_footer top_label'> <input type='submit' id='gform_submit_button_2' class='gform_button button' value='S\u016bt\u012bt' tabindex='1' onclick='if(window[\"gf_submitting_2\"]){return false;}  if( !jQuery(\"#gform_2\")[0].checkValidity || jQuery(\"#gform_2\")[0].checkValidity()){window[\"gf_submitting_2\"]=true;}  ' onkeypress='if( event.keyCode == 13 ){ if(window[\"gf_submitting_2\"]){return false;} if( !jQuery(\"#gform_2\")[0].checkValidity || jQuery(\"#gform_2\")[0].checkValidity()){window[\"gf_submitting_2\"]=true;}  jQuery(\"#gform_2\").trigger(\"submit\",[true]); }' \/> <input type='hidden' name='gform_ajax' value='form_id=2&amp;title=&amp;description=&amp;tabindex=1' \/>\n            <input type='hidden' class='gform_hidden' name='is_submit_2' value='1' \/>\n            <input type='hidden' class='gform_hidden' name='gform_submit' value='2' \/>\n            \n            <input type='hidden' class='gform_hidden' name='gform_unique_id' value='' \/>\n            <input type='hidden' class='gform_hidden' name='state_2' value='WyJ7XCI1LjFcIjpcIjg3MDIxYjRlMGZhNzhkNjI1YTgyNGExOTIyYWVlM2ExXCIsXCI1LjJcIjpcIjYyOWJkOTFhMTViYzZkNGFlOGI2NjBkN2VkYTFlNjhjXCIsXCI1LjNcIjpcIjhlYTJlNWNkNDcxMDdlMTg0MDJkYTM5OTY1NTlkYjFjXCJ9IiwiMWUzNjJiMmU3ZWI3NTkwODE0YjY0MTNiNmRhNDJiYjkiXQ==' \/>\n            <input type='hidden' class='gform_hidden' name='gform_target_page_number_2' id='gform_target_page_number_2' value='0' \/>\n            <input type='hidden' class='gform_hidden' name='gform_source_page_number_2' id='gform_source_page_number_2' value='1' \/>\n            <input type='hidden' name='gform_field_values' value='' \/>\n            \n        <\/div>\n                        <\/form>\n                        <\/div>\n\t\t                <iframe style='display:none;width:0px;height:0px;' src='about:blank' name='gform_ajax_frame_2' id='gform_ajax_frame_2' title='This iframe contains the logic required to handle Ajax powered Gravity Forms.'><\/iframe>\n\t\t                <script type=\"text\/javascript\">\n\/* <![CDATA[ *\/\n gform.initializeOnLoaded( function() {gformInitSpinner( 2, 'https:\/\/vitamun.eu\/wp-content\/plugins\/gravityforms\/images\/spinner.svg', true );jQuery('#gform_ajax_frame_2').on('load',function(){var contents = jQuery(this).contents().find('*').html();var is_postback = contents.indexOf('GF_AJAX_POSTBACK') >= 0;if(!is_postback){return;}var form_content = jQuery(this).contents().find('#gform_wrapper_2');var is_confirmation = jQuery(this).contents().find('#gform_confirmation_wrapper_2').length > 0;var is_redirect = contents.indexOf('gformRedirect(){') >= 0;var is_form = form_content.length > 0 && ! is_redirect && ! is_confirmation;var mt = parseInt(jQuery('html').css('margin-top'), 10) + parseInt(jQuery('body').css('margin-top'), 10) + 100;if(is_form){jQuery('#gform_wrapper_2').html(form_content.html());if(form_content.hasClass('gform_validation_error')){jQuery('#gform_wrapper_2').addClass('gform_validation_error');} else {jQuery('#gform_wrapper_2').removeClass('gform_validation_error');}setTimeout( function() { \/* delay the scroll by 50 milliseconds to fix a bug in chrome *\/ jQuery(document).scrollTop(jQuery('#gform_wrapper_2').offset().top - mt); }, 50 );if(window['gformInitDatepicker']) {gformInitDatepicker();}if(window['gformInitPriceFields']) {gformInitPriceFields();}var current_page = jQuery('#gform_source_page_number_2').val();gformInitSpinner( 2, 'https:\/\/vitamun.eu\/wp-content\/plugins\/gravityforms\/images\/spinner.svg', true );jQuery(document).trigger('gform_page_loaded', [2, current_page]);window['gf_submitting_2'] = false;}else if(!is_redirect){var confirmation_content = jQuery(this).contents().find('.GF_AJAX_POSTBACK').html();if(!confirmation_content){confirmation_content = contents;}setTimeout(function(){jQuery('#gform_wrapper_2').replaceWith(confirmation_content);jQuery(document).scrollTop(jQuery('#gf_2').offset().top - mt);jQuery(document).trigger('gform_confirmation_loaded', [2]);window['gf_submitting_2'] = false;wp.a11y.speak(jQuery('#gform_confirmation_message_2').text());}, 50);}else{jQuery('#gform_2').append(contents);if(window['gformRedirect']) {gformRedirect();}}jQuery(document).trigger('gform_post_render', [2, current_page]);gform.utils.trigger({ event: 'gform\/postRender', native: false, data: { formId: 2, currentPage: current_page } });} );} ); \n\/* ]]> *\/\n<\/script>\n                    <\/div>\n                \n            <\/div>\n        <\/div>\n    <\/div>\n\n<\/section>\n","protected":false},"excerpt":{"rendered":"","protected":false},"author":1,"featured_media":0,"parent":0,"menu_order":0,"comment_status":"closed","ping_status":"closed","template":"","meta":{"_acf_changed":false,"footnotes":""},"class_list":["post-299","page","type-page","status-publish","hentry"],"acf":[],"yoast_head":"<!-- This site is optimized with the Yoast SEO plugin v27.5 - https:\/\/yoast.com\/product\/yoast-seo-wordpress\/ -->\n<title>Vitam\u00fcn - Elevate Your Vitality- Kontakti<\/title>\n<meta name=\"robots\" content=\"noindex, follow, max-snippet:-1, max-image-preview:large, max-video-preview:-1\" \/>\n<meta property=\"og:locale\" content=\"lv_LV\" \/>\n<meta property=\"og:type\" content=\"article\" \/>\n<meta property=\"og:title\" content=\"Vitam\u00fcn - Elevate Your Vitality- Kontakti\" \/>\n<meta property=\"og:url\" content=\"https:\/\/vitamun.eu\/lv\/sazinies-ar-mums\/\" \/>\n<meta property=\"og:site_name\" content=\"Vitam\u00fcn\" \/>\n<meta property=\"article:modified_time\" content=\"2025-04-24T08:53:09+00:00\" \/>\n<meta name=\"twitter:card\" content=\"summary_large_image\" \/>\n<script type=\"application\/ld+json\" class=\"yoast-schema-graph\">{\"@context\":\"https:\\\/\\\/schema.org\",\"@graph\":[{\"@type\":\"WebPage\",\"@id\":\"https:\\\/\\\/vitamun.eu\\\/lv\\\/sazinies-ar-mums\\\/\",\"url\":\"https:\\\/\\\/vitamun.eu\\\/lv\\\/sazinies-ar-mums\\\/\",\"name\":\"Vitam\u00fcn - Elevate Your Vitality- Kontakti\",\"isPartOf\":{\"@id\":\"https:\\\/\\\/vitamun.eu\\\/lv\\\/#website\"},\"datePublished\":\"2024-11-21T10:34:18+00:00\",\"dateModified\":\"2025-04-24T08:53:09+00:00\",\"breadcrumb\":{\"@id\":\"https:\\\/\\\/vitamun.eu\\\/lv\\\/sazinies-ar-mums\\\/#breadcrumb\"},\"inLanguage\":\"lv-LV\",\"potentialAction\":[{\"@type\":\"ReadAction\",\"target\":[\"https:\\\/\\\/vitamun.eu\\\/lv\\\/sazinies-ar-mums\\\/\"]}]},{\"@type\":\"BreadcrumbList\",\"@id\":\"https:\\\/\\\/vitamun.eu\\\/lv\\\/sazinies-ar-mums\\\/#breadcrumb\",\"itemListElement\":[{\"@type\":\"ListItem\",\"position\":1,\"name\":\"Home\",\"item\":\"https:\\\/\\\/vitamun.eu\\\/lv\\\/\"},{\"@type\":\"ListItem\",\"position\":2,\"name\":\"Kontakti\"}]},{\"@type\":\"WebSite\",\"@id\":\"https:\\\/\\\/vitamun.eu\\\/lv\\\/#website\",\"url\":\"https:\\\/\\\/vitamun.eu\\\/lv\\\/\",\"name\":\"Vitam\u00fcn\",\"description\":\"\u2013 Elevate Your Vitality.\",\"potentialAction\":[{\"@type\":\"SearchAction\",\"target\":{\"@type\":\"EntryPoint\",\"urlTemplate\":\"https:\\\/\\\/vitamun.eu\\\/lv\\\/?s={search_term_string}\"},\"query-input\":{\"@type\":\"PropertyValueSpecification\",\"valueRequired\":true,\"valueName\":\"search_term_string\"}}],\"inLanguage\":\"lv-LV\"}]}<\/script>\n<!-- \/ Yoast SEO plugin. -->","yoast_head_json":{"title":"Vitam\u00fcn - Elevate Your Vitality- Kontakti","robots":{"index":"noindex","follow":"follow","max-snippet":"max-snippet:-1","max-image-preview":"max-image-preview:large","max-video-preview":"max-video-preview:-1"},"og_locale":"lv_LV","og_type":"article","og_title":"Vitam\u00fcn - Elevate Your Vitality- Kontakti","og_url":"https:\/\/vitamun.eu\/lv\/sazinies-ar-mums\/","og_site_name":"Vitam\u00fcn","article_modified_time":"2025-04-24T08:53:09+00:00","twitter_card":"summary_large_image","schema":{"@context":"https:\/\/schema.org","@graph":[{"@type":"WebPage","@id":"https:\/\/vitamun.eu\/lv\/sazinies-ar-mums\/","url":"https:\/\/vitamun.eu\/lv\/sazinies-ar-mums\/","name":"Vitam\u00fcn - Elevate Your Vitality- Kontakti","isPartOf":{"@id":"https:\/\/vitamun.eu\/lv\/#website"},"datePublished":"2024-11-21T10:34:18+00:00","dateModified":"2025-04-24T08:53:09+00:00","breadcrumb":{"@id":"https:\/\/vitamun.eu\/lv\/sazinies-ar-mums\/#breadcrumb"},"inLanguage":"lv-LV","potentialAction":[{"@type":"ReadAction","target":["https:\/\/vitamun.eu\/lv\/sazinies-ar-mums\/"]}]},{"@type":"BreadcrumbList","@id":"https:\/\/vitamun.eu\/lv\/sazinies-ar-mums\/#breadcrumb","itemListElement":[{"@type":"ListItem","position":1,"name":"Home","item":"https:\/\/vitamun.eu\/lv\/"},{"@type":"ListItem","position":2,"name":"Kontakti"}]},{"@type":"WebSite","@id":"https:\/\/vitamun.eu\/lv\/#website","url":"https:\/\/vitamun.eu\/lv\/","name":"Vitam\u00fcn","description":"\u2013 Elevate Your Vitality.","potentialAction":[{"@type":"SearchAction","target":{"@type":"EntryPoint","urlTemplate":"https:\/\/vitamun.eu\/lv\/?s={search_term_string}"},"query-input":{"@type":"PropertyValueSpecification","valueRequired":true,"valueName":"search_term_string"}}],"inLanguage":"lv-LV"}]}},"_links":{"self":[{"href":"https:\/\/vitamun.eu\/lv\/wp-json\/wp\/v2\/pages\/299","targetHints":{"allow":["GET"]}}],"collection":[{"href":"https:\/\/vitamun.eu\/lv\/wp-json\/wp\/v2\/pages"}],"about":[{"href":"https:\/\/vitamun.eu\/lv\/wp-json\/wp\/v2\/types\/page"}],"author":[{"embeddable":true,"href":"https:\/\/vitamun.eu\/lv\/wp-json\/wp\/v2\/users\/1"}],"replies":[{"embeddable":true,"href":"https:\/\/vitamun.eu\/lv\/wp-json\/wp\/v2\/comments?post=299"}],"version-history":[{"count":12,"href":"https:\/\/vitamun.eu\/lv\/wp-json\/wp\/v2\/pages\/299\/revisions"}],"predecessor-version":[{"id":560,"href":"https:\/\/vitamun.eu\/lv\/wp-json\/wp\/v2\/pages\/299\/revisions\/560"}],"wp:attachment":[{"href":"https:\/\/vitamun.eu\/lv\/wp-json\/wp\/v2\/media?parent=299"}],"curies":[{"name":"wp","href":"https:\/\/api.w.org\/{rel}","templated":true}]}}