{"id":295,"date":"2024-11-21T10:16:00","date_gmt":"2024-11-21T10:16:00","guid":{"rendered":"https:\/\/vitamun.eu\/par\/"},"modified":"2025-10-06T16:35:07","modified_gmt":"2025-10-06T16:35:07","slug":"par","status":"publish","type":"page","link":"https:\/\/vitamun.eu\/lv\/par\/","title":{"rendered":"Par"},"content":{"rendered":"<section id=\"page-header-block_0aadad7560342b490197b281a600b171\" class=\"block page-header\" data-page-header-block style=\"background: #d0ff00\">\n\n                <div class=\"image-wrapper\">\n            <img decoding=\"async\" src=\"https:\/\/vitamun.eu\/wp-content\/uploads\/2025\/03\/Vitamun-web-banner-8.jpg\" alt=\"\">\n        <\/div>\n        <div class=\"container\">\n        <div class=\"row align-items-end text-start alt-side-left blue-text\">\n            <div class=\"col-12 col-md-6\">\n                                    <h1>Par<\/h1>\n                                                    <p>Mums ir gadu desmitiem ilga pieredze augstas kvalit\u0101tes uztura bag\u0101tin\u0101t\u0101ju, medic\u012bnas ier\u012b\u010du un kosm\u0113tikas izstr\u0101d\u0113.<\/p>\n                            <\/div>\n            <div class=\"col-12 col-md-6\">\n                                            <\/div>\n        <\/div>\n    <\/div>\n\n<\/section><section id=\"columns-image-content-block_98b394c39f89dea560c33e59cc883224\" class=\"block columns-image-content\" data-animate>\r\n    <div class=\"container\">\r\n        <div class=\"row align-item-start\" data-animate-in>\r\n\r\n            \r\n            <div class=\"col-md-9 order-1 col-content large-p\">\r\n\r\n                <div>\r\n                    <h3><\/h3>\r\n                    <p><span style=\"font-weight: 400\">Vitam\u00fcn uzskata, ka patiesa labsaj\u016bta ir nep\u0101rtraukts ce\u013cojums, ko veicina kvalitat\u012bvs uzturs, inov\u0101cijas un dabas sp\u0113ks. <\/span><\/p>\n<p><span style=\"font-weight: 400\">Izveidoja <\/span><a href=\"https:\/\/jonnex.eu\/\" target=\"_blank\" rel=\"noopener\"><b>Jonnex-Farma<\/b><\/a><span style=\"font-weight: 400\">, uzticams v\u0101rds vesel\u012bbas un labsaj\u016btas jom\u0101, <\/span> <span style=\"font-weight: 400\">m\u0113s esam uzkr\u0101ju\u0161i gadu desmitiem ilgu pieredzi augstas kvalit\u0101tes uztura bag\u0101tin\u0101t\u0101ju, medic\u012bnas ier\u012b\u010du un kosm\u0113tikas rad\u012b\u0161an\u0101. M\u016bsu produkti, kas ra\u017eoti no dab\u012bg\u0101m un zin\u0101tn\u0113 balst\u012bt\u0101m izejviel\u0101m, nodro\u0161ina re\u0101lus un efekt\u012bvus rezult\u0101tus. Neatkar\u012bgi no t\u0101, vai v\u0113laties palielin\u0101t ener\u0123iju, stiprin\u0101t imunit\u0101ti vai uzlabot visp\u0101r\u0113jo labsaj\u016btu, Vitam\u00fcn ir Tavs partneris ilgsto\u0161as vitalit\u0101tes nodro\u0161in\u0101\u0161an\u0101.  <\/span><\/p>\n                                    <\/div>\r\n\r\n            <\/div>\r\n        <\/div>\r\n    <\/div>\r\n<\/section>\r\n<section id=\"columns-image-content-block_575524f5c0475133ab099588939f70ac\" class=\"block columns-image-content\" data-animate>\r\n    <div class=\"container\">\r\n        <div class=\"row align-item-start\" data-animate-in>\r\n\r\n                            <div class=\"col-md-5 col-image\">\r\n                    <div class=\"ratio ratio-4x3\">\r\n                        <div class=\"image-wrapper\">\r\n                            <img decoding=\"async\" src=\"https:\/\/vitamun.eu\/wp-content\/uploads\/2025\/03\/4photocollage.jpg\" alt=\"\">\r\n                        <\/div>\r\n                    <\/div>\r\n                <\/div>\r\n            \r\n            <div class=\"col-md-7 col-content large-p\">\r\n\r\n                <div>\r\n                    <h3><\/h3>\r\n                    <p style=\"text-align: left\">&#8220;Ar Vitam\u00fcn j\u016bs apzin\u0101ti izv\u0113laties kvalit\u0101ti, inov\u0101cijas un vitalit\u0101ti.&#8221;<\/p>\n                                    <\/div>\r\n\r\n            <\/div>\r\n        <\/div>\r\n    <\/div>\r\n<\/section>\r\n","protected":false},"excerpt":{"rendered":"","protected":false},"author":1,"featured_media":406,"parent":0,"menu_order":0,"comment_status":"closed","ping_status":"closed","template":"","meta":{"_acf_changed":false,"footnotes":""},"class_list":["post-295","page","type-page","status-publish","has-post-thumbnail","hentry"],"acf":[],"yoast_head":"<!-- This site is optimized with the Yoast SEO plugin v27.3 - https:\/\/yoast.com\/product\/yoast-seo-wordpress\/ -->\n<title>Vitam\u00fcn - Elevate Your Vitality- Par<\/title>\n<meta name=\"robots\" content=\"noindex, follow, max-snippet:-1, max-image-preview:large, max-video-preview:-1\" \/>\n<meta property=\"og:locale\" content=\"lv_LV\" \/>\n<meta property=\"og:type\" content=\"article\" \/>\n<meta property=\"og:title\" content=\"Vitam\u00fcn - Elevate Your Vitality- Par\" \/>\n<meta property=\"og:url\" content=\"https:\/\/vitamun.eu\/lv\/par\/\" \/>\n<meta property=\"og:site_name\" content=\"Vitam\u00fcn\" \/>\n<meta property=\"article:modified_time\" content=\"2025-10-06T16:35:07+00:00\" \/>\n<meta property=\"og:image\" content=\"https:\/\/vitamun.eu\/wp-content\/uploads\/2025\/03\/Vitamun-web-banner-8.jpg\" \/>\n\t<meta property=\"og:image:width\" content=\"1920\" \/>\n\t<meta property=\"og:image:height\" content=\"548\" \/>\n\t<meta property=\"og:image:type\" content=\"image\/jpeg\" \/>\n<meta name=\"twitter:card\" content=\"summary_large_image\" \/>\n<meta name=\"twitter:label1\" content=\"Est. reading time\" \/>\n\t<meta name=\"twitter:data1\" content=\"1 minute\" \/>\n<script type=\"application\/ld+json\" class=\"yoast-schema-graph\">{\"@context\":\"https:\\\/\\\/schema.org\",\"@graph\":[{\"@type\":\"WebPage\",\"@id\":\"https:\\\/\\\/vitamun.eu\\\/lv\\\/par\\\/\",\"url\":\"https:\\\/\\\/vitamun.eu\\\/lv\\\/par\\\/\",\"name\":\"Vitam\u00fcn - Elevate Your Vitality- Par\",\"isPartOf\":{\"@id\":\"https:\\\/\\\/vitamun.eu\\\/lv\\\/#website\"},\"primaryImageOfPage\":{\"@id\":\"https:\\\/\\\/vitamun.eu\\\/lv\\\/par\\\/#primaryimage\"},\"image\":{\"@id\":\"https:\\\/\\\/vitamun.eu\\\/lv\\\/par\\\/#primaryimage\"},\"thumbnailUrl\":\"https:\\\/\\\/vitamun.eu\\\/wp-content\\\/uploads\\\/2025\\\/03\\\/Vitamun-web-banner-8.jpg\",\"datePublished\":\"2024-11-21T10:16:00+00:00\",\"dateModified\":\"2025-10-06T16:35:07+00:00\",\"breadcrumb\":{\"@id\":\"https:\\\/\\\/vitamun.eu\\\/lv\\\/par\\\/#breadcrumb\"},\"inLanguage\":\"lv-LV\",\"potentialAction\":[{\"@type\":\"ReadAction\",\"target\":[\"https:\\\/\\\/vitamun.eu\\\/lv\\\/par\\\/\"]}]},{\"@type\":\"ImageObject\",\"inLanguage\":\"lv-LV\",\"@id\":\"https:\\\/\\\/vitamun.eu\\\/lv\\\/par\\\/#primaryimage\",\"url\":\"https:\\\/\\\/vitamun.eu\\\/wp-content\\\/uploads\\\/2025\\\/03\\\/Vitamun-web-banner-8.jpg\",\"contentUrl\":\"https:\\\/\\\/vitamun.eu\\\/wp-content\\\/uploads\\\/2025\\\/03\\\/Vitamun-web-banner-8.jpg\",\"width\":1920,\"height\":548},{\"@type\":\"BreadcrumbList\",\"@id\":\"https:\\\/\\\/vitamun.eu\\\/lv\\\/par\\\/#breadcrumb\",\"itemListElement\":[{\"@type\":\"ListItem\",\"position\":1,\"name\":\"Home\",\"item\":\"https:\\\/\\\/vitamun.eu\\\/lv\\\/\"},{\"@type\":\"ListItem\",\"position\":2,\"name\":\"Par\"}]},{\"@type\":\"WebSite\",\"@id\":\"https:\\\/\\\/vitamun.eu\\\/lv\\\/#website\",\"url\":\"https:\\\/\\\/vitamun.eu\\\/lv\\\/\",\"name\":\"Vitam\u00fcn\",\"description\":\"\u2013 Elevate Your Vitality.\",\"potentialAction\":[{\"@type\":\"SearchAction\",\"target\":{\"@type\":\"EntryPoint\",\"urlTemplate\":\"https:\\\/\\\/vitamun.eu\\\/lv\\\/?s={search_term_string}\"},\"query-input\":{\"@type\":\"PropertyValueSpecification\",\"valueRequired\":true,\"valueName\":\"search_term_string\"}}],\"inLanguage\":\"lv-LV\"}]}<\/script>\n<!-- \/ Yoast SEO plugin. -->","yoast_head_json":{"title":"Vitam\u00fcn - Elevate Your Vitality- Par","robots":{"index":"noindex","follow":"follow","max-snippet":"max-snippet:-1","max-image-preview":"max-image-preview:large","max-video-preview":"max-video-preview:-1"},"og_locale":"lv_LV","og_type":"article","og_title":"Vitam\u00fcn - Elevate Your Vitality- Par","og_url":"https:\/\/vitamun.eu\/lv\/par\/","og_site_name":"Vitam\u00fcn","article_modified_time":"2025-10-06T16:35:07+00:00","og_image":[{"width":1920,"height":548,"url":"https:\/\/vitamun.eu\/wp-content\/uploads\/2025\/03\/Vitamun-web-banner-8.jpg","type":"image\/jpeg"}],"twitter_card":"summary_large_image","twitter_misc":{"Est. reading time":"1 minute"},"schema":{"@context":"https:\/\/schema.org","@graph":[{"@type":"WebPage","@id":"https:\/\/vitamun.eu\/lv\/par\/","url":"https:\/\/vitamun.eu\/lv\/par\/","name":"Vitam\u00fcn - Elevate Your Vitality- Par","isPartOf":{"@id":"https:\/\/vitamun.eu\/lv\/#website"},"primaryImageOfPage":{"@id":"https:\/\/vitamun.eu\/lv\/par\/#primaryimage"},"image":{"@id":"https:\/\/vitamun.eu\/lv\/par\/#primaryimage"},"thumbnailUrl":"https:\/\/vitamun.eu\/wp-content\/uploads\/2025\/03\/Vitamun-web-banner-8.jpg","datePublished":"2024-11-21T10:16:00+00:00","dateModified":"2025-10-06T16:35:07+00:00","breadcrumb":{"@id":"https:\/\/vitamun.eu\/lv\/par\/#breadcrumb"},"inLanguage":"lv-LV","potentialAction":[{"@type":"ReadAction","target":["https:\/\/vitamun.eu\/lv\/par\/"]}]},{"@type":"ImageObject","inLanguage":"lv-LV","@id":"https:\/\/vitamun.eu\/lv\/par\/#primaryimage","url":"https:\/\/vitamun.eu\/wp-content\/uploads\/2025\/03\/Vitamun-web-banner-8.jpg","contentUrl":"https:\/\/vitamun.eu\/wp-content\/uploads\/2025\/03\/Vitamun-web-banner-8.jpg","width":1920,"height":548},{"@type":"BreadcrumbList","@id":"https:\/\/vitamun.eu\/lv\/par\/#breadcrumb","itemListElement":[{"@type":"ListItem","position":1,"name":"Home","item":"https:\/\/vitamun.eu\/lv\/"},{"@type":"ListItem","position":2,"name":"Par"}]},{"@type":"WebSite","@id":"https:\/\/vitamun.eu\/lv\/#website","url":"https:\/\/vitamun.eu\/lv\/","name":"Vitam\u00fcn","description":"\u2013 Elevate Your Vitality.","potentialAction":[{"@type":"SearchAction","target":{"@type":"EntryPoint","urlTemplate":"https:\/\/vitamun.eu\/lv\/?s={search_term_string}"},"query-input":{"@type":"PropertyValueSpecification","valueRequired":true,"valueName":"search_term_string"}}],"inLanguage":"lv-LV"}]}},"_links":{"self":[{"href":"https:\/\/vitamun.eu\/lv\/wp-json\/wp\/v2\/pages\/295","targetHints":{"allow":["GET"]}}],"collection":[{"href":"https:\/\/vitamun.eu\/lv\/wp-json\/wp\/v2\/pages"}],"about":[{"href":"https:\/\/vitamun.eu\/lv\/wp-json\/wp\/v2\/types\/page"}],"author":[{"embeddable":true,"href":"https:\/\/vitamun.eu\/lv\/wp-json\/wp\/v2\/users\/1"}],"replies":[{"embeddable":true,"href":"https:\/\/vitamun.eu\/lv\/wp-json\/wp\/v2\/comments?post=295"}],"version-history":[{"count":12,"href":"https:\/\/vitamun.eu\/lv\/wp-json\/wp\/v2\/pages\/295\/revisions"}],"predecessor-version":[{"id":697,"href":"https:\/\/vitamun.eu\/lv\/wp-json\/wp\/v2\/pages\/295\/revisions\/697"}],"wp:featuredmedia":[{"embeddable":true,"href":"https:\/\/vitamun.eu\/lv\/wp-json\/wp\/v2\/media\/406"}],"wp:attachment":[{"href":"https:\/\/vitamun.eu\/lv\/wp-json\/wp\/v2\/media?parent=295"}],"curies":[{"name":"wp","href":"https:\/\/api.w.org\/{rel}","templated":true}]}}