{"id":545,"date":"2024-11-21T10:16:00","date_gmt":"2024-11-21T10:16:00","guid":{"rendered":"https:\/\/vitamun.eu\/apie\/"},"modified":"2025-10-09T12:00:29","modified_gmt":"2025-10-09T12:00:29","slug":"apie","status":"publish","type":"page","link":"https:\/\/vitamun.eu\/lt\/apie\/","title":{"rendered":"Apie"},"content":{"rendered":"<section id=\"page-header-block_7de3a47cb1fc84c276baeb31e262715a\" class=\"block page-header\" data-page-header-block style=\"background: #d0ff00\">\n\n                <div class=\"image-wrapper\">\n            <img decoding=\"async\" src=\"https:\/\/vitamun.eu\/wp-content\/uploads\/2025\/03\/Vitamun-web-banner-8.jpg\" alt=\"\">\n        <\/div>\n        <div class=\"container\">\n        <div class=\"row align-items-end text-start alt-side-left blue-text\">\n            <div class=\"col-12 col-md-6\">\n                                    <h1>Apie<\/h1>\n                                                    <p>Turime de\u0161imtme\u010dius kaupt\u0105 patirt\u012f kuriant auk\u0161tos kokyb\u0117s maisto papildus, medicinos prietaisus ir kosmetik\u0105.<\/p>\n                            <\/div>\n            <div class=\"col-12 col-md-6\">\n                                            <\/div>\n        <\/div>\n    <\/div>\n\n<\/section><section id=\"columns-image-content-block_a06b7cbbb77b095681fd81d43575a492\" class=\"block columns-image-content\" data-animate>\r\n    <div class=\"container\">\r\n        <div class=\"row align-item-start\" data-animate-in>\r\n\r\n            \r\n            <div class=\"col-md-9 order-1 col-content large-p\">\r\n\r\n                <div>\r\n                    <h3><\/h3>\r\n                    <p><span style=\"font-weight: 400\">&#8222;Vitam\u00fcn&#8221; tiki, kad tikra sveikata yra nuolatin\u0117 kelion\u0117, kuri\u0105 skatina auk\u0161tos kokyb\u0117s mityba, inovacijos ir gamtos galia.  <\/span><\/p>\n<p><span style=\"font-weight: 400\">Suk\u016br\u0117 <\/span><a href=\"https:\/\/jonnex.eu\/\" target=\"_blank\" rel=\"noopener\"><br \/>\n  <b>Jonnex-Farma<\/b><br \/>\n<\/a><span style=\"font-weight: 400\">, patikimas vardas sveikatos ir sveikatingumo srityje, <\/span> <span style=\"font-weight: 400\">sukaup\u0117me de\u0161imtme\u010dius kaupt\u0105 patirt\u012f kuriant auk\u0161tos kokyb\u0117s maisto papildus, medicinos prietaisus ir kosmetik\u0105. M\u016bs\u0173 produktai gaminami i\u0161 nat\u016brali\u0173 ingredient\u0173 ir moksli\u0161kai pagr\u012fst\u0173 formuli\u0173, tod\u0117l jie duoda reali\u0173 ir veiksming\u0173 rezultat\u0173. Nesvarbu, ar norite padidinti energijos kiek\u012f, sustiprinti imunitet\u0105, ar pagerinti bendr\u0105 savijaut\u0105, &#8222;Vitam\u00fcn&#8221; yra j\u016bs\u0173 partneris siekiant ilgalaikio gyvybingumo.  <\/span><\/p>\n                                    <\/div>\r\n\r\n            <\/div>\r\n        <\/div>\r\n    <\/div>\r\n<\/section>\r\n<section id=\"columns-image-content-block_4f131ca1b0ca64d1c8639e410defe25f\" class=\"block columns-image-content\" data-animate>\r\n    <div class=\"container\">\r\n        <div class=\"row align-item-start\" data-animate-in>\r\n\r\n                            <div class=\"col-md-5 col-image\">\r\n                    <div class=\"ratio ratio-5x6\">\r\n                        <div class=\"image-wrapper\">\r\n                            <img decoding=\"async\" src=\"https:\/\/vitamun.eu\/wp-content\/uploads\/2025\/03\/4photocollage.jpg\" alt=\"\">\r\n                        <\/div>\r\n                    <\/div>\r\n                <\/div>\r\n            \r\n            <div class=\"col-md-7 col-content large-p\">\r\n\r\n                <div>\r\n                    <h3><\/h3>\r\n                    <p style=\"text-align: left\">&#8222;Su &#8222;Vitam\u00fcn&#8221; s\u0105moningai renkat\u0117s kokyb\u0119, naujoves ir gyvybingum\u0105.&#8221;<\/p>\n                                    <\/div>\r\n\r\n            <\/div>\r\n        <\/div>\r\n    <\/div>\r\n<\/section>\r\n","protected":false},"excerpt":{"rendered":"","protected":false},"author":1,"featured_media":407,"parent":0,"menu_order":0,"comment_status":"closed","ping_status":"closed","template":"","meta":{"_acf_changed":false,"footnotes":""},"class_list":["post-545","page","type-page","status-publish","has-post-thumbnail","hentry"],"acf":[],"yoast_head":"<!-- This site is optimized with the Yoast SEO plugin v27.5 - https:\/\/yoast.com\/product\/yoast-seo-wordpress\/ -->\n<title>Vitam\u00fcn - Padidinkite savo gyvybingum\u0105 - Apie<\/title>\n<meta name=\"robots\" content=\"noindex, follow, max-snippet:-1, max-image-preview:large, max-video-preview:-1\" \/>\n<meta property=\"og:locale\" content=\"lt_LT\" \/>\n<meta property=\"og:type\" content=\"article\" \/>\n<meta property=\"og:title\" content=\"Vitam\u00fcn - Padidinkite savo gyvybingum\u0105 - Apie\" \/>\n<meta property=\"og:url\" content=\"https:\/\/vitamun.eu\/lt\/apie\/\" \/>\n<meta property=\"og:site_name\" content=\"Vitam\u00fcn\" \/>\n<meta property=\"article:modified_time\" content=\"2025-10-09T12:00:29+00:00\" \/>\n<meta property=\"og:image\" content=\"https:\/\/vitamun.eu\/wp-content\/uploads\/2025\/03\/Vitamun-web-banner-8.jpg\" \/>\n\t<meta property=\"og:image:width\" content=\"1920\" \/>\n\t<meta property=\"og:image:height\" content=\"548\" \/>\n\t<meta property=\"og:image:type\" content=\"image\/jpeg\" \/>\n<meta name=\"twitter:card\" content=\"summary_large_image\" \/>\n<script type=\"application\/ld+json\" class=\"yoast-schema-graph\">{\"@context\":\"https:\\\/\\\/schema.org\",\"@graph\":[{\"@type\":\"WebPage\",\"@id\":\"https:\\\/\\\/vitamun.eu\\\/lt\\\/apie\\\/\",\"url\":\"https:\\\/\\\/vitamun.eu\\\/lt\\\/apie\\\/\",\"name\":\"Vitam\u00fcn - Padidinkite savo gyvybingum\u0105 - Apie\",\"isPartOf\":{\"@id\":\"https:\\\/\\\/vitamun.eu\\\/lt\\\/#website\"},\"primaryImageOfPage\":{\"@id\":\"https:\\\/\\\/vitamun.eu\\\/lt\\\/apie\\\/#primaryimage\"},\"image\":{\"@id\":\"https:\\\/\\\/vitamun.eu\\\/lt\\\/apie\\\/#primaryimage\"},\"thumbnailUrl\":\"https:\\\/\\\/vitamun.eu\\\/wp-content\\\/uploads\\\/2025\\\/03\\\/Vitamun-web-banner-8.jpg\",\"datePublished\":\"2024-11-21T10:16:00+00:00\",\"dateModified\":\"2025-10-09T12:00:29+00:00\",\"breadcrumb\":{\"@id\":\"https:\\\/\\\/vitamun.eu\\\/lt\\\/apie\\\/#breadcrumb\"},\"inLanguage\":\"lt-LT\",\"potentialAction\":[{\"@type\":\"ReadAction\",\"target\":[\"https:\\\/\\\/vitamun.eu\\\/lt\\\/apie\\\/\"]}]},{\"@type\":\"ImageObject\",\"inLanguage\":\"lt-LT\",\"@id\":\"https:\\\/\\\/vitamun.eu\\\/lt\\\/apie\\\/#primaryimage\",\"url\":\"https:\\\/\\\/vitamun.eu\\\/wp-content\\\/uploads\\\/2025\\\/03\\\/Vitamun-web-banner-8.jpg\",\"contentUrl\":\"https:\\\/\\\/vitamun.eu\\\/wp-content\\\/uploads\\\/2025\\\/03\\\/Vitamun-web-banner-8.jpg\",\"width\":1920,\"height\":548},{\"@type\":\"BreadcrumbList\",\"@id\":\"https:\\\/\\\/vitamun.eu\\\/lt\\\/apie\\\/#breadcrumb\",\"itemListElement\":[{\"@type\":\"ListItem\",\"position\":1,\"name\":\"Home\",\"item\":\"https:\\\/\\\/vitamun.eu\\\/lt\\\/\"},{\"@type\":\"ListItem\",\"position\":2,\"name\":\"Apie\"}]},{\"@type\":\"WebSite\",\"@id\":\"https:\\\/\\\/vitamun.eu\\\/lt\\\/#website\",\"url\":\"https:\\\/\\\/vitamun.eu\\\/lt\\\/\",\"name\":\"Vitam\u00fcn\",\"description\":\"\u2013 Elevate Your Vitality.\",\"potentialAction\":[{\"@type\":\"SearchAction\",\"target\":{\"@type\":\"EntryPoint\",\"urlTemplate\":\"https:\\\/\\\/vitamun.eu\\\/lt\\\/?s={search_term_string}\"},\"query-input\":{\"@type\":\"PropertyValueSpecification\",\"valueRequired\":true,\"valueName\":\"search_term_string\"}}],\"inLanguage\":\"lt-LT\"}]}<\/script>\n<!-- \/ Yoast SEO plugin. -->","yoast_head_json":{"title":"Vitam\u00fcn - Padidinkite savo gyvybingum\u0105 - Apie","robots":{"index":"noindex","follow":"follow","max-snippet":"max-snippet:-1","max-image-preview":"max-image-preview:large","max-video-preview":"max-video-preview:-1"},"og_locale":"lt_LT","og_type":"article","og_title":"Vitam\u00fcn - Padidinkite savo gyvybingum\u0105 - Apie","og_url":"https:\/\/vitamun.eu\/lt\/apie\/","og_site_name":"Vitam\u00fcn","article_modified_time":"2025-10-09T12:00:29+00:00","og_image":[{"width":1920,"height":548,"url":"https:\/\/vitamun.eu\/wp-content\/uploads\/2025\/03\/Vitamun-web-banner-8.jpg","type":"image\/jpeg"}],"twitter_card":"summary_large_image","schema":{"@context":"https:\/\/schema.org","@graph":[{"@type":"WebPage","@id":"https:\/\/vitamun.eu\/lt\/apie\/","url":"https:\/\/vitamun.eu\/lt\/apie\/","name":"Vitam\u00fcn - Padidinkite savo gyvybingum\u0105 - Apie","isPartOf":{"@id":"https:\/\/vitamun.eu\/lt\/#website"},"primaryImageOfPage":{"@id":"https:\/\/vitamun.eu\/lt\/apie\/#primaryimage"},"image":{"@id":"https:\/\/vitamun.eu\/lt\/apie\/#primaryimage"},"thumbnailUrl":"https:\/\/vitamun.eu\/wp-content\/uploads\/2025\/03\/Vitamun-web-banner-8.jpg","datePublished":"2024-11-21T10:16:00+00:00","dateModified":"2025-10-09T12:00:29+00:00","breadcrumb":{"@id":"https:\/\/vitamun.eu\/lt\/apie\/#breadcrumb"},"inLanguage":"lt-LT","potentialAction":[{"@type":"ReadAction","target":["https:\/\/vitamun.eu\/lt\/apie\/"]}]},{"@type":"ImageObject","inLanguage":"lt-LT","@id":"https:\/\/vitamun.eu\/lt\/apie\/#primaryimage","url":"https:\/\/vitamun.eu\/wp-content\/uploads\/2025\/03\/Vitamun-web-banner-8.jpg","contentUrl":"https:\/\/vitamun.eu\/wp-content\/uploads\/2025\/03\/Vitamun-web-banner-8.jpg","width":1920,"height":548},{"@type":"BreadcrumbList","@id":"https:\/\/vitamun.eu\/lt\/apie\/#breadcrumb","itemListElement":[{"@type":"ListItem","position":1,"name":"Home","item":"https:\/\/vitamun.eu\/lt\/"},{"@type":"ListItem","position":2,"name":"Apie"}]},{"@type":"WebSite","@id":"https:\/\/vitamun.eu\/lt\/#website","url":"https:\/\/vitamun.eu\/lt\/","name":"Vitam\u00fcn","description":"\u2013 Elevate Your Vitality.","potentialAction":[{"@type":"SearchAction","target":{"@type":"EntryPoint","urlTemplate":"https:\/\/vitamun.eu\/lt\/?s={search_term_string}"},"query-input":{"@type":"PropertyValueSpecification","valueRequired":true,"valueName":"search_term_string"}}],"inLanguage":"lt-LT"}]}},"_links":{"self":[{"href":"https:\/\/vitamun.eu\/lt\/wp-json\/wp\/v2\/pages\/545","targetHints":{"allow":["GET"]}}],"collection":[{"href":"https:\/\/vitamun.eu\/lt\/wp-json\/wp\/v2\/pages"}],"about":[{"href":"https:\/\/vitamun.eu\/lt\/wp-json\/wp\/v2\/types\/page"}],"author":[{"embeddable":true,"href":"https:\/\/vitamun.eu\/lt\/wp-json\/wp\/v2\/users\/1"}],"replies":[{"embeddable":true,"href":"https:\/\/vitamun.eu\/lt\/wp-json\/wp\/v2\/comments?post=545"}],"version-history":[{"count":11,"href":"https:\/\/vitamun.eu\/lt\/wp-json\/wp\/v2\/pages\/545\/revisions"}],"predecessor-version":[{"id":829,"href":"https:\/\/vitamun.eu\/lt\/wp-json\/wp\/v2\/pages\/545\/revisions\/829"}],"wp:featuredmedia":[{"embeddable":true,"href":"https:\/\/vitamun.eu\/lt\/wp-json\/wp\/v2\/media\/407"}],"wp:attachment":[{"href":"https:\/\/vitamun.eu\/lt\/wp-json\/wp\/v2\/media?parent=545"}],"curies":[{"name":"wp","href":"https:\/\/api.w.org\/{rel}","templated":true}]}}