{"id":371,"date":"2024-05-07T12:28:21","date_gmt":"2024-05-07T12:28:21","guid":{"rendered":"https:\/\/vitamun.eu\/privatumo-politika\/"},"modified":"2025-04-22T13:12:24","modified_gmt":"2025-04-22T13:12:24","slug":"privatumo-politika","status":"publish","type":"page","link":"https:\/\/vitamun.eu\/lt\/privatumo-politika\/","title":{"rendered":"Privatumo politika"},"content":{"rendered":"<section id=\"content-block_641cc37f4b0cc657c8d4a580a1213a98\" class=\"block content single-post\" data-animate=\"fade-up\" data-animate-offset=\"0\" data-animate-speed=\"1\" data-animate-x=\"100\">\n    <div class=\"container\" data-animate-y=\"100\">\n        <div class=\"content\">\n            <p>SIA \u201cJONNEX-FARMA\u201d<\/p>\n<p><strong>1. Bendrosios s\u0105lygos<\/strong><br \/>\n1.1 Privatumo politika skirta suteikti jums, UAB \u201eJONNEX-FARMA\u201c duomen\u0173 subjektams, ai\u0161ki\u0105 ir skaidri\u0105 informacij\u0105 apie tai, kokiu tikslu mes gauname ir tvarkome j\u016bs\u0173 asmens duomenis, tvarkymo principus, kuri\u0173 laikom\u0117s, ir j\u016bs\u0173 teises, susijusias su j\u016bs\u0173 asmens duomen\u0173 apsauga. Mes tikime, kad skaidrumas yra pagrindinis elementas kuriant pasitik\u0117jim\u0105 ir u\u017etikrinant j\u016bs\u0173 saugum\u0105.<br \/>\n1.2. Asmens duomenys tvarkomi pagal galiojan\u010dius Latvijos Respublikos norminius aktus, taip pat vadovaujantis EUROPOS PARLAMENTO IR TARYBOS REGLAMENTU (ES) 2016\/679 2016 m. baland\u017eio 27 d. Apsaugos reglamentas), nuo \u0161iol \u2013 reglamentas.  <\/p>\n<p><strong>2. Valdytojas ir kontaktin\u0117 informacija<\/strong><br \/>\n2.1. Asmens duomen\u0173 tvarkymo valdytojas yra UAB \u201eJONNEX-FARMA\u201c, vieningas registracijos Nr.40003607468, juridinis adresas: Stabu iela 47\/2, Ryga, LV-1011, el.pa\u0161tas: info@jonnex.eu.<br \/>\n2.2. Kilus klausimams ar neai\u0161kumams, susijusiems su \u0161ia Privatumo politika ar asmens duomen\u0173 tvarkymu, ra\u0161ykite el. pa\u0161tu: dpo@repharm.lv.  <\/p>\n<p><strong>3. Asmens duomen\u0173 kiekis<\/strong><br \/>\n3.1. UAB \u201eJONNEX-FARMA\u201c tvarkom\u0173 asmens duomen\u0173 kategorijos: (i) bendradarbiavimo partneri\u0173 atstov\u0173 korporatyvin\u0117 informacija \u2013 vardas, pavard\u0117, pareigos, \u012fmon\u0117, kontaktin\u0117 informacija, informacija apie bendradarbiavimo partnerio \u012fmon\u0119 ir jos produktus; (ii) tinklalapio skiltyje \u201eSusisiekite su mumis\u201c nurodytus duomenis \u2013 vard\u0105, pavard\u0119, el. pa\u0161t\u0105 ir prane\u0161im\u0105. Toliau \u2013 atsakymas \u012f prane\u0161im\u0105 ir papildomi duomenys, jei nurodyta tolesn\u0117je korespondencijoje.    <\/p>\n<p><strong>4. Asmens duomen\u0173 tvarkymo teisinis pagrindas<\/strong><br \/>\n4.1. Duomen\u0173 subjekt\u0173 asmens duomenys tvarkomi: (i) siekiant teis\u0117t\u0173 UAB \u201eJONNEX-FARMA\u201c ar tre\u010di\u0173j\u0173 asmen\u0173 interes\u0173; ii) remiantis duomen\u0173 subjekto sutikimu; (iii) d\u0117l kit\u0173 Bendrojo duomen\u0173 apsaugos reglamento 6 straipsnio pirmoje dalyje nurodyt\u0173 teisini\u0173 pagrind\u0173.<br \/>\n4.2.UAB &#8222;JONNEX-FARMA&#8221; teis\u0117ti interesai yra: (i) vykdyti komercin\u0119 veikl\u0105; (ii) saugoti duomen\u0173 subjekt\u0173 parai\u0161kas, parei\u0161kimus, el. lai\u0161kus ir kit\u0105 fiksuot\u0105 informacij\u0105, kad b\u016bt\u0173 galima per\u017ei\u016br\u0117ti ir pateikti atsakymus; (iii) ginti teis\u0117tus interesus teisme, kitose valstyb\u0117s institucijose, taip pat gaunant teisin\u0119 pagalb\u0105.       <\/p>\n<p><strong>5. Asmens duomen\u0173 tvarkymas, apsauga ir saugojimas<\/strong><br \/>\n5.1. Asmens duomenys tvarkomi tik i\u0161 prad\u017ei\u0173 numatytais tikslais ir i\u0161 prad\u017ei\u0173 nustatyta apimtimi.<br \/>\n5.2. Duomen\u0173 subjekt\u0173 asmens duomen\u0173 tvarkymas vyksta naudojant \u0161iuolaikini\u0173 technologij\u0173 galimybes, atsi\u017evelgiant \u012f esam\u0105 privatumo rizik\u0105 ir pagr\u012fstai turimus organizacinius, finansinius ir techninius i\u0161teklius. Taikant visas \u0161ias priemones, u\u017etikrinamas tinkamas informacijos apsaugos lygis, neleid\u017eiantis neteis\u0117tai prieiti prie duomen\u0173 subjekto asmens duomen\u0173.<br \/>\n5.3. Asmens duomenys saugomi tik tiek, kiek reikia \u0161ioje privatumo politikoje nurodytiems tikslams pasiekti, nebent taikomi \u012fstatymai ir teis\u0117s aktai numato ar leid\u017eia ilgiau saugoti. Duomen\u0173 saugojimo laikotarpiui nustatyti naudojami \u0161ie kriterijai:<br \/>\n5.3.1. tol, kol yra teisinis duomen\u0173 tvarkymo pagrindas;<br \/>\n5.3.2. tol, kol UAB \u201eJONNEX-FARMA\u201c ar duomen\u0173 subjektas gali realizuoti savo teis\u0117tus interesus (pavyzd\u017eiui, pretenzij\u0173 nagrin\u0117jimas, teisi\u0173 gynimas, klausim\u0173 sprendimas ir pan.);<br \/>\n5.3.3. \u012fstatym\u0173 ir kit\u0173 teis\u0117s akt\u0173 reikalavimai nustato asmens duomen\u0173 saugojimo laikotarp\u012f, pavyzd\u017eiui: (i) \u012fgyvendinti buhalterin\u0119 apskait\u0105 reglamentuojan\u010diuose \u012fstatymuose ir teis\u0117s aktuose nustatytus saugojimo terminus, atitinkamai nuo 5 iki 10 met\u0173; (ii) \u012fgyvendinti savo \u012fvykdyt\u0173 prievoli\u0173 apsaug\u0105 ir \u012frodym\u0173 i\u0161saugojim\u0105 ie\u0161kinio senaties terminais \u2013 10 met\u0173 Civiliniame \u012fstatyme; 3 metai komercin\u0117s teis\u0117s srityje; 5 metai Asmens duomen\u0173 tvarkymo \u012fstatyme ir kiti terminai, papildomai atsi\u017evelgiant \u012f Civilinio proceso \u012fstatyme nustatytus ie\u0161kinio parei\u0161kimo terminus.<br \/>\n5.4. Tvarkant asmens duomenis neatliekamas joks duomen\u0173 subjekt\u0173 profiliavimas ar automatizuotas sprendim\u0173 pri\u0117mimas, d\u0117l kurio duomen\u0173 subjektui kilt\u0173 teisini\u0173 ar kitoki\u0173 pasekmi\u0173.           <\/p>\n<p><strong>6. Asmens duomen\u0173 gav\u0117jai<\/strong><br \/>\n6.1. Personal data of data subjects shall not be disclosed to third parties without a legal basis, except for:<br \/>\n6.1.1. to state administrative institutions delegated by law, such as the State Social Insurance Agency, the State Revenue Service, the State Police, etc.;<br \/>\n6.1.2. for the protection of the legal interests of UAB &#8222;JONNEX-FARMA&#8221; in cases specified in regulatory acts;<br \/>\n6.1.3. if data transfer is necessary to ensure the legitimate interests of UAB &#8222;JONNEX-FARMA&#8221; or third parties.<br \/>\n6.2. Personal data of data subjects is not sent or processed outside the EU or EEA.     <\/p>\n<p><strong>7. Duomen\u0173 subjekt\u0173 teis\u0117s ir pareigos<\/strong><br \/>\n7.1. Duomen\u0173 subjektas turi teis\u0119 gauti norminiuose aktuose nurodyt\u0105 informacij\u0105, susijusi\u0105 su jo duomen\u0173 tvarkymu, reikalauti i\u0161taisyti duomenis arba nesutikti, kad b\u016bt\u0173 tvarkomi asmens duomenys.<br \/>\n7.2. Duomen\u0173 subjektas pra\u0161ym\u0105 \u012fgyvendinti savo teises gali pateikti ra\u0161tu asmeni\u0161kai, pateikdamas asmens tapatyb\u0119 patvirtinant\u012f dokument\u0105, arba elektroniniu pa\u0161tu, pasira\u0161ydamas saugiu elektroniniu para\u0161u.<br \/>\n7.3. Tvarkydama duomen\u0173 subjekto pra\u0161ym\u0105 \u012fgyvendinti savo teises, UAB \u201eJONNEX-FARMA\u201c i\u0161siai\u0161kina duomen\u0173 subjekto tapatyb\u0119, \u012fvertina pra\u0161ym\u0105 ir j\u012f \u012fvykdo norminiais aktais.<br \/>\n7.4. Duomen\u0173 tvarkymo ir apsaugos reikalavim\u0173 laikym\u0105si UAB \u201eJONNEX-FARMA\u201c u\u017etikrina norminiais aktais. Duomen\u0173 subjekto pretenzij\u0173 atveju UAB \u201eJONNEX-FARMA\u201c imsis vis\u0173 reikaling\u0173 veiksm\u0173 pretenzijai i\u0161spr\u0119sti. Visgi, jei tai nepavyksta, duomen\u0173 subjektas turi teis\u0119 kreiptis \u012f prie\u017ei\u016bros institucij\u0105 \u2013 Duomen\u0173 valstybin\u0119 inspekcij\u0105.      <\/p>\n<p><strong>8. Baigiamosios nuostatos<\/strong><br \/>\n8.1. Applications and requests for information from data subjects are processed free of charge. However, if the application is obviously unfounded or excessive, or in other cases provided for by regulatory acts, consideration may be refused, or a proportionate fee may be applied.<br \/>\n8.2. The data subject is obliged to familiarize himself with this Privacy Policy, as well as to introduce it to every person who is related to this data subject and whose interests may thus be affected by the data processing processes of this person.<br \/>\n8.3. The Privacy Policy is freely available on the UAB &#8222;JONNEX-FARMA&#8221; website, www.<span style=\"font-weight: 400\">elitevit.eu<\/span>.    <\/p>\n<p>&nbsp;<\/p>\n<p style=\"text-align: right\"><em>1 versija, \u012fsigalioja 2024 m. gegu\u017e\u0117s 10 d<\/em><\/p>\n        <\/div>\n    <\/div>\n<\/section>\n","protected":false},"excerpt":{"rendered":"","protected":false},"author":1,"featured_media":0,"parent":0,"menu_order":0,"comment_status":"closed","ping_status":"open","template":"","meta":{"_acf_changed":false,"footnotes":""},"class_list":["post-371","page","type-page","status-publish","hentry"],"acf":[],"yoast_head":"<!-- This site is optimized with the Yoast SEO plugin v27.3 - https:\/\/yoast.com\/product\/yoast-seo-wordpress\/ -->\n<title>Privatumo politika - Vitam\u00fcn<\/title>\n<meta name=\"robots\" content=\"noindex, follow, max-snippet:-1, max-image-preview:large, max-video-preview:-1\" \/>\n<meta property=\"og:locale\" content=\"lt_LT\" \/>\n<meta property=\"og:type\" content=\"article\" \/>\n<meta property=\"og:title\" content=\"Privatumo politika - Vitam\u00fcn\" \/>\n<meta property=\"og:url\" content=\"https:\/\/vitamun.eu\/lt\/privatumo-politika\/\" \/>\n<meta property=\"og:site_name\" content=\"Vitam\u00fcn\" \/>\n<meta property=\"article:modified_time\" content=\"2025-04-22T13:12:24+00:00\" \/>\n<meta name=\"twitter:card\" content=\"summary_large_image\" \/>\n<script type=\"application\/ld+json\" class=\"yoast-schema-graph\">{\"@context\":\"https:\\\/\\\/schema.org\",\"@graph\":[{\"@type\":\"WebPage\",\"@id\":\"https:\\\/\\\/vitamun.eu\\\/lt\\\/privatumo-politika\\\/\",\"url\":\"https:\\\/\\\/vitamun.eu\\\/lt\\\/privatumo-politika\\\/\",\"name\":\"Privatumo politika - Vitam\u00fcn\",\"isPartOf\":{\"@id\":\"https:\\\/\\\/vitamun.eu\\\/lt\\\/#website\"},\"datePublished\":\"2024-05-07T12:28:21+00:00\",\"dateModified\":\"2025-04-22T13:12:24+00:00\",\"breadcrumb\":{\"@id\":\"https:\\\/\\\/vitamun.eu\\\/lt\\\/privatumo-politika\\\/#breadcrumb\"},\"inLanguage\":\"lt-LT\",\"potentialAction\":[{\"@type\":\"ReadAction\",\"target\":[\"https:\\\/\\\/vitamun.eu\\\/lt\\\/privatumo-politika\\\/\"]}]},{\"@type\":\"BreadcrumbList\",\"@id\":\"https:\\\/\\\/vitamun.eu\\\/lt\\\/privatumo-politika\\\/#breadcrumb\",\"itemListElement\":[{\"@type\":\"ListItem\",\"position\":1,\"name\":\"Home\",\"item\":\"https:\\\/\\\/vitamun.eu\\\/lt\\\/\"},{\"@type\":\"ListItem\",\"position\":2,\"name\":\"Privatumo politika\"}]},{\"@type\":\"WebSite\",\"@id\":\"https:\\\/\\\/vitamun.eu\\\/lt\\\/#website\",\"url\":\"https:\\\/\\\/vitamun.eu\\\/lt\\\/\",\"name\":\"Vitam\u00fcn\",\"description\":\"\u2013 Elevate Your Vitality.\",\"potentialAction\":[{\"@type\":\"SearchAction\",\"target\":{\"@type\":\"EntryPoint\",\"urlTemplate\":\"https:\\\/\\\/vitamun.eu\\\/lt\\\/?s={search_term_string}\"},\"query-input\":{\"@type\":\"PropertyValueSpecification\",\"valueRequired\":true,\"valueName\":\"search_term_string\"}}],\"inLanguage\":\"lt-LT\"}]}<\/script>\n<!-- \/ Yoast SEO plugin. -->","yoast_head_json":{"title":"Privatumo politika - Vitam\u00fcn","robots":{"index":"noindex","follow":"follow","max-snippet":"max-snippet:-1","max-image-preview":"max-image-preview:large","max-video-preview":"max-video-preview:-1"},"og_locale":"lt_LT","og_type":"article","og_title":"Privatumo politika - Vitam\u00fcn","og_url":"https:\/\/vitamun.eu\/lt\/privatumo-politika\/","og_site_name":"Vitam\u00fcn","article_modified_time":"2025-04-22T13:12:24+00:00","twitter_card":"summary_large_image","schema":{"@context":"https:\/\/schema.org","@graph":[{"@type":"WebPage","@id":"https:\/\/vitamun.eu\/lt\/privatumo-politika\/","url":"https:\/\/vitamun.eu\/lt\/privatumo-politika\/","name":"Privatumo politika - Vitam\u00fcn","isPartOf":{"@id":"https:\/\/vitamun.eu\/lt\/#website"},"datePublished":"2024-05-07T12:28:21+00:00","dateModified":"2025-04-22T13:12:24+00:00","breadcrumb":{"@id":"https:\/\/vitamun.eu\/lt\/privatumo-politika\/#breadcrumb"},"inLanguage":"lt-LT","potentialAction":[{"@type":"ReadAction","target":["https:\/\/vitamun.eu\/lt\/privatumo-politika\/"]}]},{"@type":"BreadcrumbList","@id":"https:\/\/vitamun.eu\/lt\/privatumo-politika\/#breadcrumb","itemListElement":[{"@type":"ListItem","position":1,"name":"Home","item":"https:\/\/vitamun.eu\/lt\/"},{"@type":"ListItem","position":2,"name":"Privatumo politika"}]},{"@type":"WebSite","@id":"https:\/\/vitamun.eu\/lt\/#website","url":"https:\/\/vitamun.eu\/lt\/","name":"Vitam\u00fcn","description":"\u2013 Elevate Your Vitality.","potentialAction":[{"@type":"SearchAction","target":{"@type":"EntryPoint","urlTemplate":"https:\/\/vitamun.eu\/lt\/?s={search_term_string}"},"query-input":{"@type":"PropertyValueSpecification","valueRequired":true,"valueName":"search_term_string"}}],"inLanguage":"lt-LT"}]}},"_links":{"self":[{"href":"https:\/\/vitamun.eu\/lt\/wp-json\/wp\/v2\/pages\/371","targetHints":{"allow":["GET"]}}],"collection":[{"href":"https:\/\/vitamun.eu\/lt\/wp-json\/wp\/v2\/pages"}],"about":[{"href":"https:\/\/vitamun.eu\/lt\/wp-json\/wp\/v2\/types\/page"}],"author":[{"embeddable":true,"href":"https:\/\/vitamun.eu\/lt\/wp-json\/wp\/v2\/users\/1"}],"replies":[{"embeddable":true,"href":"https:\/\/vitamun.eu\/lt\/wp-json\/wp\/v2\/comments?post=371"}],"version-history":[{"count":3,"href":"https:\/\/vitamun.eu\/lt\/wp-json\/wp\/v2\/pages\/371\/revisions"}],"predecessor-version":[{"id":540,"href":"https:\/\/vitamun.eu\/lt\/wp-json\/wp\/v2\/pages\/371\/revisions\/540"}],"wp:attachment":[{"href":"https:\/\/vitamun.eu\/lt\/wp-json\/wp\/v2\/media?parent=371"}],"curies":[{"name":"wp","href":"https:\/\/api.w.org\/{rel}","templated":true}]}}